{"id":2,"date":"2025-11-11T17:42:21","date_gmt":"2025-11-11T17:42:21","guid":{"rendered":"http:\/\/lapoddech.ovh\/?page_id=2"},"modified":"2025-12-09T22:41:30","modified_gmt":"2025-12-09T22:41:30","slug":"o-nas","status":"publish","type":"page","link":"https:\/\/lapoddech.pl\/index.php\/o-nas\/","title":{"rendered":"O naszej Fundacji"},"content":{"rendered":"\n<p><\/p>\n\n\n\n<p>Witamy na naszej stronie. Jest jeszcze w budowie.<\/p>\n\n\n\n<p><br>Dane podmiotu<\/p>\n\n\n\n<p>1.Oznaczenie rodzaju organizacji FUNDACJA<br>2.Numer REGON\/NIP REGON: 543365876, NIP: 7394025467<br>3.Nazwa &#8220;FUNDACJA \u0141AP ODDECH&#8221;<br>4.Dane o wcze\u015bniejszej rejestracji &#8212;&#8212;<br>5.Czy podmiot posiada status organizacji<br>po\u017cytku publicznego? NIE<\/p>\n\n\n\n<p>Siedziba i adres podmiotu<\/p>\n\n\n\n<p>1.Siedziba kraj POLSKA, woj. WARMI\u0143SKO-MAZURSKIE, powiat OLSZTY\u0143SKI, gmina JONKOWO, miejsc. JONKOWO<\/p>\n\n\n\n<p>2.Adres ul. LIPOWA, nr 20, lok. &#8212;, miejsc. JONKOWO, kod 11-042, poczta JONKOWO, kraj POLSKA<br>3.Adres poczty elektronicznej MARTA.KARDAHS@GMAIL.COM, URSZULA.GRZYWACZ@LAPODDECH.OVH<br>4.Adres strony internetowej WWW.LAPODDECH.PL (docelowo), WWW.LAPODDECH.OVH strona w budowie)<\/p>\n","protected":false},"excerpt":{"rendered":"<p>Witamy na naszej stronie. Jest jeszcze w budowie. Dane podmiotu 1.Oznaczenie rodzaju organizacji FUNDACJA2.Numer REGON\/NIP REGON: 543365876, NIP: 73940254673.Nazwa &#8220;FUNDACJA \u0141AP ODDECH&#8221;4.Dane o wcze\u015bniejszej rejestracji &#8212;&#8212;5.Czy podmiot posiada status organizacjipo\u017cytku publicznego? NIE Siedziba i adres podmiotu 1.Siedziba kraj POLSKA, woj. WARMI\u0143SKO-MAZURSKIE, powiat OLSZTY\u0143SKI, gmina JONKOWO, miejsc. JONKOWO 2.Adres ul. LIPOWA, nr 20, lok. &#8212;, miejsc. [&hellip;]<\/p>\n","protected":false},"author":1,"featured_media":0,"parent":0,"menu_order":0,"comment_status":"closed","ping_status":"open","template":"","meta":{"footnotes":""},"class_list":["post-2","page","type-page","status-publish","hentry"],"_links":{"self":[{"href":"https:\/\/lapoddech.pl\/index.php\/wp-json\/wp\/v2\/pages\/2","targetHints":{"allow":["GET"]}}],"collection":[{"href":"https:\/\/lapoddech.pl\/index.php\/wp-json\/wp\/v2\/pages"}],"about":[{"href":"https:\/\/lapoddech.pl\/index.php\/wp-json\/wp\/v2\/types\/page"}],"author":[{"embeddable":true,"href":"https:\/\/lapoddech.pl\/index.php\/wp-json\/wp\/v2\/users\/1"}],"replies":[{"embeddable":true,"href":"https:\/\/lapoddech.pl\/index.php\/wp-json\/wp\/v2\/comments?post=2"}],"version-history":[{"count":6,"href":"https:\/\/lapoddech.pl\/index.php\/wp-json\/wp\/v2\/pages\/2\/revisions"}],"predecessor-version":[{"id":75,"href":"https:\/\/lapoddech.pl\/index.php\/wp-json\/wp\/v2\/pages\/2\/revisions\/75"}],"wp:attachment":[{"href":"https:\/\/lapoddech.pl\/index.php\/wp-json\/wp\/v2\/media?parent=2"}],"curies":[{"name":"wp","href":"https:\/\/api.w.org\/{rel}","templated":true}]}}